{"id":2337,"date":"2026-03-23T21:36:19","date_gmt":"2026-03-23T20:36:19","guid":{"rendered":"https:\/\/flowsort.com\/?page_id=2337"},"modified":"2026-03-25T16:04:40","modified_gmt":"2026-03-25T15:04:40","slug":"imprint","status":"publish","type":"page","link":"https:\/\/flowsort.com\/es\/imprint\/","title":{"rendered":"Aviso legal"},"content":{"rendered":"\t\t<div data-elementor-type=\"wp-page\" data-elementor-id=\"2337\" class=\"elementor elementor-2337 elementor-1924\" data-elementor-post-type=\"page\">\n\t\t\t\t<div class=\"elementor-element elementor-element-e6dbf80 e-con-full e-flex e-con e-parent\" data-id=\"e6dbf80\" data-element_type=\"container\" data-e-type=\"container\" data-settings=\"{&quot;background_background&quot;:&quot;gradient&quot;}\">\n\t\t<div class=\"elementor-element elementor-element-e8313a0 e-flex e-con-boxed e-con e-child\" data-id=\"e8313a0\" data-element_type=\"container\" data-e-type=\"container\">\n\t\t\t\t\t<div class=\"e-con-inner\">\n\t\t\t\t<div class=\"elementor-element elementor-element-4567a1f elementor-widget elementor-widget-heading\" data-id=\"4567a1f\" data-element_type=\"widget\" data-e-type=\"widget\" data-widget_type=\"heading.default\">\n\t\t\t\t\t<h1 class=\"elementor-heading-title elementor-size-default\">Aviso legal<\/h1>\t\t\t\t<\/div>\n\t\t\t\t\t<\/div>\n\t\t\t\t<\/div>\n\t\t\t\t<\/div>\n\t\t<div class=\"elementor-element elementor-element-630eaba e-flex e-con-boxed e-con e-parent\" data-id=\"630eaba\" data-element_type=\"container\" data-e-type=\"container\">\n\t\t\t\t\t<div class=\"e-con-inner\">\n\t\t\t\t<div class=\"elementor-element elementor-element-872cd44 elementor-widget elementor-widget-html\" data-id=\"872cd44\" data-element_type=\"widget\" data-e-type=\"widget\" data-widget_type=\"html.default\">\n\t\t\t\t\t<section class=\"legal-notice\" style=\"max-width: 1200px; margin: 0 auto; font-family: Arial, sans-serif; line-height: 1.7; color: #222;\">\r\n  <h2 style=\"font-size: 22px; margin-top: 30px; margin-bottom: 10px;\">Datos de la empresa<\/h2>\r\n  <p>\r\n    <strong>Flowsort<\/strong><br> Rudolf Dieselweg 14<br> 5928 RA Venlo<br> Pa\u00edses Bajos\r\n  <\/p>\r\n\r\n  <h2 style=\"font-size: 22px; margin-top: 30px; margin-bottom: 10px;\">Contacto<\/h2>\r\n  <p>\r\n  Correo electr\u00f3nico: <a href=\"mailto:info@flow-sort.com\">info@flow-sort.com<\/a><br> Tel\u00e9fono: <a href=\"tel:+31%2085-0761339\">+31 85-0761339<\/a>\r\n  <\/p>\r\n\r\n  <h2 style=\"font-size: 22px; margin-top: 30px; margin-bottom: 10px;\">Forma jur\u00eddica<\/h2>\r\n  <p>B.V. \u2013 Besloten Vennootschap<\/p>\r\n\r\n  <h2 style=\"font-size: 22px; margin-top: 30px; margin-bottom: 10px;\">C\u00e1mara de Comercio<\/h2>\r\n  <p>\r\n  Registrada en: C\u00e1mara de Comercio Neerlandesa (KvK)<br> N\u00famero de registro: 64819418\r\n  <\/p>\r\n\r\n  <h2 style=\"font-size: 22px; margin-top: 30px; margin-bottom: 10px;\">N\u00famero de identificaci\u00f3n fiscal (IVA)<\/h2>\r\n  <p>NIF (BTW-nummer): NL855869446B02<\/p>\r\n\r\n \r\n\r\n  <h2 style=\"font-size: 22px; margin-top: 30px; margin-bottom: 10px;\">Responsabilidad por el contenido<\/h2>\r\n  <p>\r\n  El contenido de este sitio web ha sido creado con el m\u00e1ximo cuidado. Sin embargo,\r\n no podemos garantizar la exactitud, integridad o actualidad del contenido. \r\n  <\/p>\r\n\r\n  <h2 style=\"font-size: 22px; margin-top: 30px; margin-bottom: 10px;\">Responsabilidad por los enlaces<\/h2>\r\n  <p>\r\n  Nuestro sitio web puede contener enlaces a sitios web externos. No tenemos influencia sobre\r\n el contenido de estos sitios web y, por lo tanto, no podemos aceptar ninguna responsabilidad por\r\n su contenido. \r\n  <\/p>\r\n\r\n  <h2 style=\"font-size: 22px; margin-top: 30px; margin-bottom: 10px;\">Derechos de autor<\/h2>\r\n  <p>\r\n  Todo el contenido y las obras publicadas en este sitio web est\u00e1n sujetos a las\r\n leyes de derechos de autor aplicables. Cualquier reproducci\u00f3n, edici\u00f3n, distribuci\u00f3n o cualquier tipo de uso\r\n fuera de los l\u00edmites de la ley de derechos de autor requiere el consentimiento previo por escrito. \r\n  <\/p>\r\n<\/section>\t\t\t\t<\/div>\n\t\t\t\t\t<\/div>\n\t\t\t\t<\/div>\n\t\t\t\t<\/div>\n\t\t","protected":false},"excerpt":{"rendered":"<p>Aviso legal Datos de la empresa Flowsort Rudolf Dieselweg 14 5928 RA Venlo Pa\u00edses Bajos Contacto Correo electr\u00f3nico: info@flow-sort.com Tel\u00e9fono: +31 85-0761339 Forma jur\u00eddica B.V. \u2013 Besloten Vennootschap C\u00e1mara de Comercio Registrada en: C\u00e1mara de Comercio Neerlandesa (KvK) N\u00famero de registro: 64819418 N\u00famero de identificaci\u00f3n fiscal (IVA) NIF (BTW-nummer): NL855869446B02 Responsabilidad por el contenido El [&hellip;]<\/p>\n","protected":false},"author":1,"featured_media":0,"parent":0,"menu_order":0,"comment_status":"closed","ping_status":"closed","template":"","meta":{"_acf_changed":false,"content-type":"","footnotes":""},"class_list":["post-2337","page","type-page","status-publish","hentry"],"acf":[],"yoast_head":"<!-- This site is optimized with the Yoast SEO plugin v27.2 - https:\/\/yoast.com\/product\/yoast-seo-wordpress\/ -->\n<title>Aviso legal | Informaci\u00f3n legal de Flowsort<\/title>\n<meta name=\"description\" content=\"Aviso legal y datos de la empresa Flowsort de acuerdo con la normativa aplicable.\" \/>\n<meta name=\"robots\" content=\"index, follow, max-snippet:-1, max-image-preview:large, max-video-preview:-1\" \/>\n<link rel=\"canonical\" href=\"https:\/\/flowsort.com\/es\/imprint\/\" \/>\n<meta property=\"og:locale\" content=\"es_ES\" \/>\n<meta property=\"og:type\" content=\"article\" \/>\n<meta property=\"og:title\" content=\"Aviso legal | Informaci\u00f3n legal de Flowsort\" \/>\n<meta property=\"og:description\" content=\"Aviso legal y datos de la empresa Flowsort de acuerdo con la normativa aplicable.\" \/>\n<meta property=\"og:url\" content=\"https:\/\/flowsort.com\/es\/imprint\/\" \/>\n<meta property=\"og:site_name\" content=\"Flowsort\" \/>\n<meta property=\"article:modified_time\" content=\"2026-03-25T15:04:40+00:00\" \/>\n<meta name=\"twitter:card\" content=\"summary_large_image\" \/>\n<meta name=\"twitter:label1\" content=\"Tiempo de lectura\" \/>\n\t<meta name=\"twitter:data1\" content=\"1 minuto\" \/>\n<script type=\"application\/ld+json\" class=\"yoast-schema-graph\">{\"@context\":\"https:\/\/schema.org\",\"@graph\":[{\"@type\":\"WebPage\",\"@id\":\"https:\/\/flowsort.com\/es\/imprint\/\",\"url\":\"https:\/\/flowsort.com\/es\/imprint\/\",\"name\":\"Aviso legal | Informaci\u00f3n legal de Flowsort\",\"isPartOf\":{\"@id\":\"https:\/\/flowsort.com\/en\/#website\"},\"datePublished\":\"2026-03-23T20:36:19+00:00\",\"dateModified\":\"2026-03-25T15:04:40+00:00\",\"description\":\"Aviso legal y datos de la empresa Flowsort de acuerdo con la normativa aplicable.\",\"breadcrumb\":{\"@id\":\"https:\/\/flowsort.com\/es\/imprint\/#breadcrumb\"},\"inLanguage\":\"es\",\"potentialAction\":[{\"@type\":\"ReadAction\",\"target\":[\"https:\/\/flowsort.com\/es\/imprint\/\"]}]},{\"@type\":\"BreadcrumbList\",\"@id\":\"https:\/\/flowsort.com\/es\/imprint\/#breadcrumb\",\"itemListElement\":[{\"@type\":\"ListItem\",\"position\":1,\"name\":\"Home\",\"item\":\"https:\/\/flowsort.com\/es\/inicio-flowsort-2-0\/\"},{\"@type\":\"ListItem\",\"position\":2,\"name\":\"Aviso legal\"}]},{\"@type\":\"WebSite\",\"@id\":\"https:\/\/flowsort.com\/en\/#website\",\"url\":\"https:\/\/flowsort.com\/en\/\",\"name\":\"Flowsort\",\"description\":\"\",\"potentialAction\":[{\"@type\":\"SearchAction\",\"target\":{\"@type\":\"EntryPoint\",\"urlTemplate\":\"https:\/\/flowsort.com\/en\/?s={search_term_string}\"},\"query-input\":{\"@type\":\"PropertyValueSpecification\",\"valueRequired\":true,\"valueName\":\"search_term_string\"}}],\"inLanguage\":\"es\"}]}<\/script>\n<!-- \/ Yoast SEO plugin. -->","yoast_head_json":{"title":"Aviso legal | Informaci\u00f3n legal de Flowsort","description":"Aviso legal y datos de la empresa Flowsort de acuerdo con la normativa aplicable.","robots":{"index":"index","follow":"follow","max-snippet":"max-snippet:-1","max-image-preview":"max-image-preview:large","max-video-preview":"max-video-preview:-1"},"canonical":"https:\/\/flowsort.com\/es\/imprint\/","og_locale":"es_ES","og_type":"article","og_title":"Aviso legal | Informaci\u00f3n legal de Flowsort","og_description":"Aviso legal y datos de la empresa Flowsort de acuerdo con la normativa aplicable.","og_url":"https:\/\/flowsort.com\/es\/imprint\/","og_site_name":"Flowsort","article_modified_time":"2026-03-25T15:04:40+00:00","twitter_card":"summary_large_image","twitter_misc":{"Tiempo de lectura":"1 minuto"},"schema":{"@context":"https:\/\/schema.org","@graph":[{"@type":"WebPage","@id":"https:\/\/flowsort.com\/es\/imprint\/","url":"https:\/\/flowsort.com\/es\/imprint\/","name":"Aviso legal | Informaci\u00f3n legal de Flowsort","isPartOf":{"@id":"https:\/\/flowsort.com\/en\/#website"},"datePublished":"2026-03-23T20:36:19+00:00","dateModified":"2026-03-25T15:04:40+00:00","description":"Aviso legal y datos de la empresa Flowsort de acuerdo con la normativa aplicable.","breadcrumb":{"@id":"https:\/\/flowsort.com\/es\/imprint\/#breadcrumb"},"inLanguage":"es","potentialAction":[{"@type":"ReadAction","target":["https:\/\/flowsort.com\/es\/imprint\/"]}]},{"@type":"BreadcrumbList","@id":"https:\/\/flowsort.com\/es\/imprint\/#breadcrumb","itemListElement":[{"@type":"ListItem","position":1,"name":"Home","item":"https:\/\/flowsort.com\/es\/inicio-flowsort-2-0\/"},{"@type":"ListItem","position":2,"name":"Aviso legal"}]},{"@type":"WebSite","@id":"https:\/\/flowsort.com\/en\/#website","url":"https:\/\/flowsort.com\/en\/","name":"Flowsort","description":"","potentialAction":[{"@type":"SearchAction","target":{"@type":"EntryPoint","urlTemplate":"https:\/\/flowsort.com\/en\/?s={search_term_string}"},"query-input":{"@type":"PropertyValueSpecification","valueRequired":true,"valueName":"search_term_string"}}],"inLanguage":"es"}]}},"_links":{"self":[{"href":"https:\/\/flowsort.com\/es\/wp-json\/wp\/v2\/pages\/2337","targetHints":{"allow":["GET"]}}],"collection":[{"href":"https:\/\/flowsort.com\/es\/wp-json\/wp\/v2\/pages"}],"about":[{"href":"https:\/\/flowsort.com\/es\/wp-json\/wp\/v2\/types\/page"}],"author":[{"embeddable":true,"href":"https:\/\/flowsort.com\/es\/wp-json\/wp\/v2\/users\/1"}],"replies":[{"embeddable":true,"href":"https:\/\/flowsort.com\/es\/wp-json\/wp\/v2\/comments?post=2337"}],"version-history":[{"count":3,"href":"https:\/\/flowsort.com\/es\/wp-json\/wp\/v2\/pages\/2337\/revisions"}],"predecessor-version":[{"id":2778,"href":"https:\/\/flowsort.com\/es\/wp-json\/wp\/v2\/pages\/2337\/revisions\/2778"}],"wp:attachment":[{"href":"https:\/\/flowsort.com\/es\/wp-json\/wp\/v2\/media?parent=2337"}],"curies":[{"name":"wp","href":"https:\/\/api.w.org\/{rel}","templated":true}]}}