{"id":2338,"date":"2026-03-23T21:36:19","date_gmt":"2026-03-23T20:36:19","guid":{"rendered":"https:\/\/flowsort.com\/?page_id=2338"},"modified":"2026-03-25T16:04:01","modified_gmt":"2026-03-25T15:04:01","slug":"impressum","status":"publish","type":"page","link":"https:\/\/flowsort.com\/de\/impressum\/","title":{"rendered":"Impressum"},"content":{"rendered":"\t\t<div data-elementor-type=\"wp-page\" data-elementor-id=\"2338\" class=\"elementor elementor-2338 elementor-1924\" data-elementor-post-type=\"page\">\n\t\t\t\t<div class=\"elementor-element elementor-element-e6dbf80 e-con-full e-flex e-con e-parent\" data-id=\"e6dbf80\" data-element_type=\"container\" data-e-type=\"container\" data-settings=\"{&quot;background_background&quot;:&quot;gradient&quot;}\">\n\t\t<div class=\"elementor-element elementor-element-e8313a0 e-flex e-con-boxed e-con e-child\" data-id=\"e8313a0\" data-element_type=\"container\" data-e-type=\"container\">\n\t\t\t\t\t<div class=\"e-con-inner\">\n\t\t\t\t<div class=\"elementor-element elementor-element-4567a1f elementor-widget elementor-widget-heading\" data-id=\"4567a1f\" data-element_type=\"widget\" data-e-type=\"widget\" data-widget_type=\"heading.default\">\n\t\t\t\t\t<h1 class=\"elementor-heading-title elementor-size-default\">Impressum<\/h1>\t\t\t\t<\/div>\n\t\t\t\t\t<\/div>\n\t\t\t\t<\/div>\n\t\t\t\t<\/div>\n\t\t<div class=\"elementor-element elementor-element-630eaba e-flex e-con-boxed e-con e-parent\" data-id=\"630eaba\" data-element_type=\"container\" data-e-type=\"container\">\n\t\t\t\t\t<div class=\"e-con-inner\">\n\t\t\t\t<div class=\"elementor-element elementor-element-872cd44 elementor-widget elementor-widget-html\" data-id=\"872cd44\" data-element_type=\"widget\" data-e-type=\"widget\" data-widget_type=\"html.default\">\n\t\t\t\t\t<section class=\"legal-notice\" style=\"max-width: 1200px; margin: 0 auto; font-family: Arial, sans-serif; line-height: 1.7; color: #222;\">\r\n  <h2 style=\"font-size: 22px; margin-top: 30px; margin-bottom: 10px;\">Unternehmensinformationen<\/h2>\r\n  <p>\r\n    <strong>Flowsort<\/strong><br> Rudolf Dieselweg 14<br> 5928 RA Venlo<br> Niederlande\r\n  <\/p>\r\n\r\n  <h2 style=\"font-size: 22px; margin-top: 30px; margin-bottom: 10px;\">Kontakt<\/h2>\r\n  <p>\r\n  E-Mail: <a href=\"mailto:info@flow-sort.com\">info@flow-sort.com<\/a><br> Telefon: <a href=\"tel:+31%2085-0761339\">+31 85-0761339<\/a>\r\n  <\/p>\r\n\r\n  <h2 style=\"font-size: 22px; margin-top: 30px; margin-bottom: 10px;\">Rechtsform<\/h2>\r\n  <p>B.V. \u2013 Besloten Vennootschap<\/p>\r\n\r\n  <h2 style=\"font-size: 22px; margin-top: 30px; margin-bottom: 10px;\">Handelskammer<\/h2>\r\n  <p>\r\n  Registriert bei: Niederl\u00e4ndische Handelskammer (KvK)<br> Registrierungsnummer: 64819418\r\n  <\/p>\r\n\r\n  <h2 style=\"font-size: 22px; margin-top: 30px; margin-bottom: 10px;\">Umsatzsteuer-Identifikationsnummer<\/h2>\r\n  <p>USt-IdNr. (BTW-nummer): NL855869446B02<\/p>\r\n\r\n \r\n\r\n  <h2 style=\"font-size: 22px; margin-top: 30px; margin-bottom: 10px;\">Verantwortlichkeit f\u00fcr Inhalte<\/h2>\r\n  <p>\r\n  Die Inhalte dieser Website wurden mit gr\u00f6\u00dfter Sorgfalt erstellt. Wir k\u00f6nnen\r\n jedoch keine Gew\u00e4hr f\u00fcr die Richtigkeit, Vollst\u00e4ndigkeit oder Aktualit\u00e4t der Inhalte \u00fcbernehmen. \r\n  <\/p>\r\n\r\n  <h2 style=\"font-size: 22px; margin-top: 30px; margin-bottom: 10px;\">Haftung f\u00fcr Links<\/h2>\r\n  <p>\r\n  Unsere Website kann Links zu externen Websites enthalten. Wir haben keinen\r\n Einfluss auf die Inhalte dieser Websites und k\u00f6nnen daher keine Haftung f\u00fcr\r\n deren Inhalte \u00fcbernehmen. \r\n  <\/p>\r\n\r\n  <h2 style=\"font-size: 22px; margin-top: 30px; margin-bottom: 10px;\">Urheberrecht<\/h2>\r\n  <p>\r\n  Alle auf dieser Website ver\u00f6ffentlichten Inhalte und Werke unterliegen den\r\n geltenden Urheberrechtsgesetzen. Jede Vervielf\u00e4ltigung, Bearbeitung, Verbreitung oder jede Art der Nutzung\r\n au\u00dferhalb der Grenzen des Urheberrechts bedarf der vorherigen schriftlichen Zustimmung. \r\n  <\/p>\r\n<\/section>\t\t\t\t<\/div>\n\t\t\t\t\t<\/div>\n\t\t\t\t<\/div>\n\t\t\t\t<\/div>\n\t\t","protected":false},"excerpt":{"rendered":"<p>Impressum Unternehmensinformationen Flowsort Rudolf Dieselweg 14 5928 RA Venlo Niederlande Kontakt E-Mail: info@flow-sort.com Telefon: +31 85-0761339 Rechtsform B.V. \u2013 Besloten Vennootschap Handelskammer Registriert bei: Niederl\u00e4ndische Handelskammer (KvK) Registrierungsnummer: 64819418 Umsatzsteuer-Identifikationsnummer USt-IdNr. (BTW-nummer): NL855869446B02 Verantwortlichkeit f\u00fcr Inhalte Die Inhalte dieser Website wurden mit gr\u00f6\u00dfter Sorgfalt erstellt. Wir k\u00f6nnen jedoch keine Gew\u00e4hr f\u00fcr die Richtigkeit, Vollst\u00e4ndigkeit oder [&hellip;]<\/p>\n","protected":false},"author":1,"featured_media":0,"parent":0,"menu_order":0,"comment_status":"closed","ping_status":"closed","template":"","meta":{"_acf_changed":false,"content-type":"","footnotes":""},"class_list":["post-2338","page","type-page","status-publish","hentry"],"acf":[],"yoast_head":"<!-- This site is optimized with the Yoast SEO plugin v27.2 - https:\/\/yoast.com\/product\/yoast-seo-wordpress\/ -->\n<title>Impressum | Flowsort Rechtliche Informationen<\/title>\n<meta name=\"description\" content=\"Rechtliche Hinweise und Unternehmensdaten von Flowsort gem\u00e4\u00df den geltenden Vorschriften.\" \/>\n<meta name=\"robots\" content=\"index, follow, max-snippet:-1, max-image-preview:large, max-video-preview:-1\" \/>\n<link rel=\"canonical\" href=\"https:\/\/flowsort.com\/de\/impressum\/\" \/>\n<meta property=\"og:locale\" content=\"de_DE\" \/>\n<meta property=\"og:type\" content=\"article\" \/>\n<meta property=\"og:title\" content=\"Impressum | Flowsort Rechtliche Informationen\" \/>\n<meta property=\"og:description\" content=\"Rechtliche Hinweise und Unternehmensdaten von Flowsort gem\u00e4\u00df den geltenden Vorschriften.\" \/>\n<meta property=\"og:url\" content=\"https:\/\/flowsort.com\/de\/impressum\/\" \/>\n<meta property=\"og:site_name\" content=\"Flowsort\" \/>\n<meta property=\"article:modified_time\" content=\"2026-03-25T15:04:01+00:00\" \/>\n<meta name=\"twitter:card\" content=\"summary_large_image\" \/>\n<meta name=\"twitter:label1\" content=\"Gesch\u00e4tzte Lesezeit\" \/>\n\t<meta name=\"twitter:data1\" content=\"1\u00a0Minute\" \/>\n<script type=\"application\/ld+json\" class=\"yoast-schema-graph\">{\"@context\":\"https:\/\/schema.org\",\"@graph\":[{\"@type\":\"WebPage\",\"@id\":\"https:\/\/flowsort.com\/de\/impressum\/\",\"url\":\"https:\/\/flowsort.com\/de\/impressum\/\",\"name\":\"Impressum | Flowsort Rechtliche Informationen\",\"isPartOf\":{\"@id\":\"https:\/\/flowsort.com\/en\/#website\"},\"datePublished\":\"2026-03-23T20:36:19+00:00\",\"dateModified\":\"2026-03-25T15:04:01+00:00\",\"description\":\"Rechtliche Hinweise und Unternehmensdaten von Flowsort gem\u00e4\u00df den geltenden Vorschriften.\",\"breadcrumb\":{\"@id\":\"https:\/\/flowsort.com\/de\/impressum\/#breadcrumb\"},\"inLanguage\":\"de\",\"potentialAction\":[{\"@type\":\"ReadAction\",\"target\":[\"https:\/\/flowsort.com\/de\/impressum\/\"]}]},{\"@type\":\"BreadcrumbList\",\"@id\":\"https:\/\/flowsort.com\/de\/impressum\/#breadcrumb\",\"itemListElement\":[{\"@type\":\"ListItem\",\"position\":1,\"name\":\"Home\",\"item\":\"https:\/\/flowsort.com\/de\/startseite-flowsort-2-0\/\"},{\"@type\":\"ListItem\",\"position\":2,\"name\":\"Impressum\"}]},{\"@type\":\"WebSite\",\"@id\":\"https:\/\/flowsort.com\/en\/#website\",\"url\":\"https:\/\/flowsort.com\/en\/\",\"name\":\"Flowsort\",\"description\":\"\",\"potentialAction\":[{\"@type\":\"SearchAction\",\"target\":{\"@type\":\"EntryPoint\",\"urlTemplate\":\"https:\/\/flowsort.com\/en\/?s={search_term_string}\"},\"query-input\":{\"@type\":\"PropertyValueSpecification\",\"valueRequired\":true,\"valueName\":\"search_term_string\"}}],\"inLanguage\":\"de\"}]}<\/script>\n<!-- \/ Yoast SEO plugin. -->","yoast_head_json":{"title":"Impressum | Flowsort Rechtliche Informationen","description":"Rechtliche Hinweise und Unternehmensdaten von Flowsort gem\u00e4\u00df den geltenden Vorschriften.","robots":{"index":"index","follow":"follow","max-snippet":"max-snippet:-1","max-image-preview":"max-image-preview:large","max-video-preview":"max-video-preview:-1"},"canonical":"https:\/\/flowsort.com\/de\/impressum\/","og_locale":"de_DE","og_type":"article","og_title":"Impressum | Flowsort Rechtliche Informationen","og_description":"Rechtliche Hinweise und Unternehmensdaten von Flowsort gem\u00e4\u00df den geltenden Vorschriften.","og_url":"https:\/\/flowsort.com\/de\/impressum\/","og_site_name":"Flowsort","article_modified_time":"2026-03-25T15:04:01+00:00","twitter_card":"summary_large_image","twitter_misc":{"Gesch\u00e4tzte Lesezeit":"1\u00a0Minute"},"schema":{"@context":"https:\/\/schema.org","@graph":[{"@type":"WebPage","@id":"https:\/\/flowsort.com\/de\/impressum\/","url":"https:\/\/flowsort.com\/de\/impressum\/","name":"Impressum | Flowsort Rechtliche Informationen","isPartOf":{"@id":"https:\/\/flowsort.com\/en\/#website"},"datePublished":"2026-03-23T20:36:19+00:00","dateModified":"2026-03-25T15:04:01+00:00","description":"Rechtliche Hinweise und Unternehmensdaten von Flowsort gem\u00e4\u00df den geltenden Vorschriften.","breadcrumb":{"@id":"https:\/\/flowsort.com\/de\/impressum\/#breadcrumb"},"inLanguage":"de","potentialAction":[{"@type":"ReadAction","target":["https:\/\/flowsort.com\/de\/impressum\/"]}]},{"@type":"BreadcrumbList","@id":"https:\/\/flowsort.com\/de\/impressum\/#breadcrumb","itemListElement":[{"@type":"ListItem","position":1,"name":"Home","item":"https:\/\/flowsort.com\/de\/startseite-flowsort-2-0\/"},{"@type":"ListItem","position":2,"name":"Impressum"}]},{"@type":"WebSite","@id":"https:\/\/flowsort.com\/en\/#website","url":"https:\/\/flowsort.com\/en\/","name":"Flowsort","description":"","potentialAction":[{"@type":"SearchAction","target":{"@type":"EntryPoint","urlTemplate":"https:\/\/flowsort.com\/en\/?s={search_term_string}"},"query-input":{"@type":"PropertyValueSpecification","valueRequired":true,"valueName":"search_term_string"}}],"inLanguage":"de"}]}},"_links":{"self":[{"href":"https:\/\/flowsort.com\/de\/wp-json\/wp\/v2\/pages\/2338","targetHints":{"allow":["GET"]}}],"collection":[{"href":"https:\/\/flowsort.com\/de\/wp-json\/wp\/v2\/pages"}],"about":[{"href":"https:\/\/flowsort.com\/de\/wp-json\/wp\/v2\/types\/page"}],"author":[{"embeddable":true,"href":"https:\/\/flowsort.com\/de\/wp-json\/wp\/v2\/users\/1"}],"replies":[{"embeddable":true,"href":"https:\/\/flowsort.com\/de\/wp-json\/wp\/v2\/comments?post=2338"}],"version-history":[{"count":2,"href":"https:\/\/flowsort.com\/de\/wp-json\/wp\/v2\/pages\/2338\/revisions"}],"predecessor-version":[{"id":2772,"href":"https:\/\/flowsort.com\/de\/wp-json\/wp\/v2\/pages\/2338\/revisions\/2772"}],"wp:attachment":[{"href":"https:\/\/flowsort.com\/de\/wp-json\/wp\/v2\/media?parent=2338"}],"curies":[{"name":"wp","href":"https:\/\/api.w.org\/{rel}","templated":true}]}}